{"id":5511,"date":"2025-04-14T08:57:05","date_gmt":"2025-04-14T07:57:05","guid":{"rendered":"https:\/\/www.schiever.com\/legal-notice\/"},"modified":"2025-10-08T11:23:33","modified_gmt":"2025-10-08T10:23:33","slug":"legal-notice","status":"publish","type":"page","link":"https:\/\/www.schiever.com\/en\/legal-notice\/","title":{"rendered":"Legal notice"},"content":{"rendered":"<section class=\"l-section wpb_row us_custom_29cbb04c has_text_color height_medium width_full with_img\"><div class=\"l-section-img\" role=\"img\" aria-label=\"banner news convention\" data-img-width=\"1905\" data-img-height=\"745\" style=\"background-image: url(https:\/\/www.schiever.com\/wp-content\/uploads\/2025\/04\/banniere-nos-actualites-convention-schiever.jpg);\"><\/div><div class=\"l-section-overlay\" style=\"background:var(--color-custom)\"><\/div><div class=\"l-section-h i-cf\"><div class=\"g-cols vc_row via_grid cols_2 laptops-cols_inherit tablets-cols_inherit mobiles-cols_1 valign_middle type_default stacking_default\"><div class=\"wpb_column vc_column_container us_custom_beed98f3\"><div class=\"vc_column-inner\"><div class=\"wpb_text_column\"><div class=\"wpb_wrapper\"><h1 style=\"text-align: left;\">LEGAL NOTICE<\/h1>\n<\/div><\/div><\/div><\/div><\/div><\/div><\/section><section class=\"l-section wpb_row us_custom_19737bc8 height_small\"><div class=\"l-section-h i-cf\"><div class=\"g-cols vc_row via_grid cols_1 laptops-cols_inherit tablets-cols_inherit mobiles-cols_1 valign_top type_default stacking_default\"><div class=\"wpb_column vc_column_container\"><div class=\"vc_column-inner\"><nav class=\"g-breadcrumbs us_custom_718f19db has_text_color separator_icon align_none\" itemscope itemtype=\"http:\/\/schema.org\/BreadcrumbList\"><div class=\"g-breadcrumbs-item\" itemscope itemprop=\"itemListElement\" itemtype=\"http:\/\/schema.org\/ListItem\"><a itemprop=\"item\" href=\"https:\/\/www.schiever.com\/en\/\"><span itemprop=\"name\">Home<\/span><\/a><meta itemprop=\"position\" content=\"1\"\/><\/div><div class=\"g-breadcrumbs-separator\"><i class=\"far fa-angle-right\"><\/i><\/div><div class=\"g-breadcrumbs-item\">Pages<\/div><\/nav><\/div><\/div><\/div><\/div><\/section><section class=\"l-section wpb_row height_small\"><div class=\"l-section-h i-cf\"><div class=\"g-cols vc_row via_grid cols_1 laptops-cols_inherit tablets-cols_inherit mobiles-cols_1 valign_middle type_default stacking_default\"><div class=\"wpb_column vc_column_container\"><div class=\"vc_column-inner\"><div class=\"wpb_text_column\"><div class=\"wpb_wrapper\"><h2>Publisher and Credits:<\/h2>\n<p>The site is published by S.A. Anciens Etablissements Georges Schiever et Fils.<br \/>\nLegal form: Public limited company with Management Board and Supervisory Board \u2013 Share Capital: \u20ac138,420<br \/>Head office: ZI rue de l\u2019\u00e9tang \u2013 89205 Avallon Cedex \u2013 Tel. : 03.86.34.63.00<br \/>\nRegistered with the Auxerre Trade and Companies Register under number 425 920 352<br \/>\nSIRET number: 425 920 352 00126 \u2013 APE: 7010Z<br \/>\nVAT number: FR.50 425 920 352<br \/>\nPublication director: Schiever Group HR Department<br \/>\nConception et design : R\u00e9alisation interne par le service Web Innovation &amp; le service Communication Schiever<br \/>\nDevelopment and integration: Schiever Group<br \/>\nWriting and photo credits: Schiever Group, Nat\u00e1lia Guimar\u00e3es, H<a href=\"https:\/\/flares.fr\/\" target=\"_blank\" rel=\"noopener\">ugo Mozet<\/a>, Zoran Zeremski, pressmaster, jackfrog, paul, Mariia Korneeva, Valerii Apetroaiei, Friedberg, Oleksandr Zastrozhnov, Emanuel, bizoo_n, saiko3p, zevana, soniaC, Rostislav, Sedlacek, ReadyAtTheEase\/peopleimages.com, Yaruniv-Studio Volker Wierzba, Charnchai saeheng, alter_photo, inna717, Antonioguillem, Yaruniv-Studio \u2013 stock.adobe.com<br \/>\nHosting: Google Cloud Platform<br \/>\nContact: contact@schiever.fr<\/p>\n<h2>Website Use:<\/h2>\n<h3>Functionality:<\/h3>\n<p>Official website addresses: www.schiever.fr and www.schiever.com<br \/>This site is optimized for recent, up-to-date browsers and requires JavaScript to be enabled.<br \/>The Acrobat \u00a9 Reader \u00a9 plugin allows PDF files to be read directly in your browser. Schiever Group declines all responsibility in case of access difficulties or connection interruptions.  <\/p>\n<h3>Updates:<\/h3>\n<p>Schiever Group reserves the right to modify the content of this site and these legal notices at any time without prior notice. Users are invited to consult the legal notice regularly to stay informed of any changes. <\/p>\n<h3>External Links:<\/h3>\n<p>Our site may contain hyperlinks to other websites. We make no commitments regarding any other site you may access via our site and cannot be held responsible for their content, operation, or accessibility. <\/p>\n<h2>Data Protection (Informatique et Libert\u00e9):Informatique et libert\u00e9 :<\/h2>\n<h3>Access, Correction, and Deletion Rights:<\/h3>\n<p>Schiever collects and processes personal data of visitors (hereinafter \u201cthe User\u201d) of the schiever.com website.<br \/>Schiever commits to collecting and processing only data strictly necessary for the purposes defined in this policy.<br \/>\nThis personal data protection policy aims to inform the User about how Schiever processes collected data and about their rights.<br \/>\nElle pourra \u00eatre amen\u00e9e \u00e0 \u00e9voluer en fonction du contexte l\u00e9gal et r\u00e9glementaire applicable.<br \/>\nThe policy may evolve according to applicable legal and regulatory requirements.<br \/>For any questions regarding data protection, Users may contact Schiever\u2019s Data Protection Officer (DPO) at: dpo@schiever.fr.<br \/>\nOur full personal data protection policy is available at: www.schiever.com\/donnees-personnelles<\/p>\n<h2>Copyright:<\/h2>\n<h3>Intellectual Property Rights:<\/h3>\n<p>All content on this site is protected under French and international copyright and intellectual property laws. All rights to reproduce, display, or adapt content are reserved by Schiever Group, including downloadable documents and graphic or photographic representations. <\/p>\n<h3>Reproduction:<\/h3>\n<p>Reproduction and distribution of all or part of this site in any format is strictly prohibited without prior authorization from Schiever Group.<\/p>\n<\/div><\/div><\/div><\/div><\/div><\/div><\/section>\n","protected":false},"excerpt":{"rendered":"LEGAL NOTICE HomePagesPublisher and Credits: The site is published by S.A. Anciens Etablissements Georges Schiever et Fils. Legal form: Public limited company with Management Board and Supervisory Board \u2013 Share Capital: \u20ac138,420Head office: ZI rue de l\u2019\u00e9tang \u2013 89205 Avallon Cedex \u2013 Tel. : 03.86.34.63.00 Registered with the Auxerre Trade and Companies Register under number...","protected":false},"author":5,"featured_media":5510,"parent":0,"menu_order":0,"comment_status":"closed","ping_status":"closed","template":"","meta":{"footnotes":""},"class_list":["post-5511","page","type-page","status-publish","has-post-thumbnail","hentry"],"yoast_head":"<!-- This site is optimized with the Yoast SEO plugin v27.3 - https:\/\/yoast.com\/product\/yoast-seo-wordpress\/ -->\n<title>Legal notice - Schiever<\/title>\n<meta name=\"robots\" content=\"index, follow, max-snippet:-1, max-image-preview:large, max-video-preview:-1\" \/>\n<link rel=\"canonical\" href=\"https:\/\/www.schiever.com\/en\/legal-notice\/\" \/>\n<meta property=\"og:locale\" content=\"en_US\" \/>\n<meta property=\"og:type\" content=\"article\" \/>\n<meta property=\"og:title\" content=\"Legal notice - Schiever\" \/>\n<meta property=\"og:url\" content=\"https:\/\/www.schiever.com\/en\/legal-notice\/\" \/>\n<meta property=\"og:site_name\" content=\"Schiever\" \/>\n<meta property=\"article:modified_time\" content=\"2025-10-08T10:23:33+00:00\" \/>\n<meta property=\"og:image\" content=\"https:\/\/www.schiever.com\/wp-content\/uploads\/2025\/04\/banniere-nos-actualites-convention-schiever.jpg\" \/>\n\t<meta property=\"og:image:width\" content=\"1905\" \/>\n\t<meta property=\"og:image:height\" content=\"745\" \/>\n\t<meta property=\"og:image:type\" content=\"image\/jpeg\" \/>\n<meta name=\"twitter:card\" content=\"summary_large_image\" \/>\n<meta name=\"twitter:label1\" content=\"Est. reading time\" \/>\n\t<meta name=\"twitter:data1\" content=\"3 minutes\" \/>\n<script type=\"application\/ld+json\" class=\"yoast-schema-graph\">{\"@context\":\"https:\\\/\\\/schema.org\",\"@graph\":[{\"@type\":\"WebPage\",\"@id\":\"https:\\\/\\\/www.schiever.com\\\/en\\\/legal-notice\\\/\",\"url\":\"https:\\\/\\\/www.schiever.com\\\/en\\\/legal-notice\\\/\",\"name\":\"Legal notice - Schiever\",\"isPartOf\":{\"@id\":\"https:\\\/\\\/www.schiever.com\\\/en\\\/#website\"},\"primaryImageOfPage\":{\"@id\":\"https:\\\/\\\/www.schiever.com\\\/en\\\/legal-notice\\\/#primaryimage\"},\"image\":{\"@id\":\"https:\\\/\\\/www.schiever.com\\\/en\\\/legal-notice\\\/#primaryimage\"},\"thumbnailUrl\":\"https:\\\/\\\/www.schiever.com\\\/wp-content\\\/uploads\\\/2025\\\/04\\\/banniere-nos-actualites-convention-schiever.jpg\",\"datePublished\":\"2025-04-14T07:57:05+00:00\",\"dateModified\":\"2025-10-08T10:23:33+00:00\",\"breadcrumb\":{\"@id\":\"https:\\\/\\\/www.schiever.com\\\/en\\\/legal-notice\\\/#breadcrumb\"},\"inLanguage\":\"en-US\",\"potentialAction\":[{\"@type\":\"ReadAction\",\"target\":[\"https:\\\/\\\/www.schiever.com\\\/en\\\/legal-notice\\\/\"]}]},{\"@type\":\"ImageObject\",\"inLanguage\":\"en-US\",\"@id\":\"https:\\\/\\\/www.schiever.com\\\/en\\\/legal-notice\\\/#primaryimage\",\"url\":\"https:\\\/\\\/www.schiever.com\\\/wp-content\\\/uploads\\\/2025\\\/04\\\/banniere-nos-actualites-convention-schiever.jpg\",\"contentUrl\":\"https:\\\/\\\/www.schiever.com\\\/wp-content\\\/uploads\\\/2025\\\/04\\\/banniere-nos-actualites-convention-schiever.jpg\",\"width\":1905,\"height\":745,\"caption\":\"banner news convention\"},{\"@type\":\"BreadcrumbList\",\"@id\":\"https:\\\/\\\/www.schiever.com\\\/en\\\/legal-notice\\\/#breadcrumb\",\"itemListElement\":[{\"@type\":\"ListItem\",\"position\":1,\"name\":\"Accueil\",\"item\":\"https:\\\/\\\/www.schiever.com\\\/en\\\/\"},{\"@type\":\"ListItem\",\"position\":2,\"name\":\"Legal notice\"}]},{\"@type\":\"WebSite\",\"@id\":\"https:\\\/\\\/www.schiever.com\\\/en\\\/#website\",\"url\":\"https:\\\/\\\/www.schiever.com\\\/en\\\/\",\"name\":\"Schiever\",\"description\":\"Schiever - Une autre id\u00e9e de la grande distribution\",\"potentialAction\":[{\"@type\":\"SearchAction\",\"target\":{\"@type\":\"EntryPoint\",\"urlTemplate\":\"https:\\\/\\\/www.schiever.com\\\/en\\\/?s={search_term_string}\"},\"query-input\":{\"@type\":\"PropertyValueSpecification\",\"valueRequired\":true,\"valueName\":\"search_term_string\"}}],\"inLanguage\":\"en-US\"}]}<\/script>\n<!-- \/ Yoast SEO plugin. -->","yoast_head_json":{"title":"Legal notice - Schiever","robots":{"index":"index","follow":"follow","max-snippet":"max-snippet:-1","max-image-preview":"max-image-preview:large","max-video-preview":"max-video-preview:-1"},"canonical":"https:\/\/www.schiever.com\/en\/legal-notice\/","og_locale":"en_US","og_type":"article","og_title":"Legal notice - Schiever","og_url":"https:\/\/www.schiever.com\/en\/legal-notice\/","og_site_name":"Schiever","article_modified_time":"2025-10-08T10:23:33+00:00","og_image":[{"width":1905,"height":745,"url":"https:\/\/www.schiever.com\/wp-content\/uploads\/2025\/04\/banniere-nos-actualites-convention-schiever.jpg","type":"image\/jpeg"}],"twitter_card":"summary_large_image","twitter_misc":{"Est. reading time":"3 minutes"},"schema":{"@context":"https:\/\/schema.org","@graph":[{"@type":"WebPage","@id":"https:\/\/www.schiever.com\/en\/legal-notice\/","url":"https:\/\/www.schiever.com\/en\/legal-notice\/","name":"Legal notice - Schiever","isPartOf":{"@id":"https:\/\/www.schiever.com\/en\/#website"},"primaryImageOfPage":{"@id":"https:\/\/www.schiever.com\/en\/legal-notice\/#primaryimage"},"image":{"@id":"https:\/\/www.schiever.com\/en\/legal-notice\/#primaryimage"},"thumbnailUrl":"https:\/\/www.schiever.com\/wp-content\/uploads\/2025\/04\/banniere-nos-actualites-convention-schiever.jpg","datePublished":"2025-04-14T07:57:05+00:00","dateModified":"2025-10-08T10:23:33+00:00","breadcrumb":{"@id":"https:\/\/www.schiever.com\/en\/legal-notice\/#breadcrumb"},"inLanguage":"en-US","potentialAction":[{"@type":"ReadAction","target":["https:\/\/www.schiever.com\/en\/legal-notice\/"]}]},{"@type":"ImageObject","inLanguage":"en-US","@id":"https:\/\/www.schiever.com\/en\/legal-notice\/#primaryimage","url":"https:\/\/www.schiever.com\/wp-content\/uploads\/2025\/04\/banniere-nos-actualites-convention-schiever.jpg","contentUrl":"https:\/\/www.schiever.com\/wp-content\/uploads\/2025\/04\/banniere-nos-actualites-convention-schiever.jpg","width":1905,"height":745,"caption":"banner news convention"},{"@type":"BreadcrumbList","@id":"https:\/\/www.schiever.com\/en\/legal-notice\/#breadcrumb","itemListElement":[{"@type":"ListItem","position":1,"name":"Accueil","item":"https:\/\/www.schiever.com\/en\/"},{"@type":"ListItem","position":2,"name":"Legal notice"}]},{"@type":"WebSite","@id":"https:\/\/www.schiever.com\/en\/#website","url":"https:\/\/www.schiever.com\/en\/","name":"Schiever","description":"Schiever - Une autre id\u00e9e de la grande distribution","potentialAction":[{"@type":"SearchAction","target":{"@type":"EntryPoint","urlTemplate":"https:\/\/www.schiever.com\/en\/?s={search_term_string}"},"query-input":{"@type":"PropertyValueSpecification","valueRequired":true,"valueName":"search_term_string"}}],"inLanguage":"en-US"}]}},"_links":{"self":[{"href":"https:\/\/www.schiever.com\/en\/wp-json\/wp\/v2\/pages\/5511","targetHints":{"allow":["GET"]}}],"collection":[{"href":"https:\/\/www.schiever.com\/en\/wp-json\/wp\/v2\/pages"}],"about":[{"href":"https:\/\/www.schiever.com\/en\/wp-json\/wp\/v2\/types\/page"}],"author":[{"embeddable":true,"href":"https:\/\/www.schiever.com\/en\/wp-json\/wp\/v2\/users\/5"}],"replies":[{"embeddable":true,"href":"https:\/\/www.schiever.com\/en\/wp-json\/wp\/v2\/comments?post=5511"}],"version-history":[{"count":2,"href":"https:\/\/www.schiever.com\/en\/wp-json\/wp\/v2\/pages\/5511\/revisions"}],"predecessor-version":[{"id":5513,"href":"https:\/\/www.schiever.com\/en\/wp-json\/wp\/v2\/pages\/5511\/revisions\/5513"}],"wp:featuredmedia":[{"embeddable":true,"href":"https:\/\/www.schiever.com\/en\/wp-json\/wp\/v2\/media\/5510"}],"wp:attachment":[{"href":"https:\/\/www.schiever.com\/en\/wp-json\/wp\/v2\/media?parent=5511"}],"curies":[{"name":"wp","href":"https:\/\/api.w.org\/{rel}","templated":true}]}}