{"id":5331,"date":"2025-01-17T14:48:40","date_gmt":"2025-01-17T13:48:40","guid":{"rendered":"https:\/\/www.schiever.com\/our-activities\/food-retail\/catering\/"},"modified":"2025-10-10T09:57:43","modified_gmt":"2025-10-10T08:57:43","slug":"catering","status":"publish","type":"page","link":"https:\/\/www.schiever.com\/en\/our-activities\/food-retail\/catering\/","title":{"rendered":"Catering"},"content":{"rendered":"<section class=\"l-section wpb_row us_custom_29cbb04c has_text_color height_medium width_full with_img\"><div class=\"l-section-img\" role=\"img\" aria-label=\"Catering\" data-img-width=\"1905\" data-img-height=\"745\" style=\"background-image: url(https:\/\/www.schiever.com\/wp-content\/uploads\/2025\/03\/restauration-brasserie.jpg);\"><\/div><div class=\"l-section-overlay\" style=\"background:var(--color-custom-2)\"><\/div><div class=\"l-section-h i-cf\"><div class=\"g-cols vc_row via_grid cols_2-1 laptops-cols_inherit tablets-cols_inherit mobiles-cols_1 valign_middle type_default stacking_default\"><div class=\"wpb_column vc_column_container us_custom_beed98f3\"><div class=\"vc_column-inner\"><div class=\"wpb_text_column\"><div class=\"wpb_wrapper\"><h1 style=\"text-align: left;\">CATERING<\/h1>\n<\/div><\/div><div class=\"wpb_text_column us_custom_8d473a5a\"><div class=\"wpb_wrapper\"><p>Friendly brasseries, a roving food truck \u2014 we design delicious food concepts that foster proximity and social connection.<\/p>\n<\/div><\/div><\/div><\/div><div class=\"wpb_column vc_column_container\"><div class=\"vc_column-inner\"><\/div><\/div><\/div><\/div><\/section><section class=\"l-section wpb_row us_custom_19737bc8 height_small\"><div class=\"l-section-h i-cf\"><div class=\"g-cols vc_row via_grid cols_1 laptops-cols_inherit tablets-cols_inherit mobiles-cols_1 valign_top type_default stacking_default\"><div class=\"wpb_column vc_column_container\"><div class=\"vc_column-inner\"><nav class=\"g-breadcrumbs us_custom_718f19db has_text_color separator_icon align_none\" itemscope itemtype=\"http:\/\/schema.org\/BreadcrumbList\"><div class=\"g-breadcrumbs-item\" itemscope itemprop=\"itemListElement\" itemtype=\"http:\/\/schema.org\/ListItem\"><a itemprop=\"item\" href=\"https:\/\/www.schiever.com\/en\/\"><span itemprop=\"name\">Home<\/span><\/a><meta itemprop=\"position\" content=\"1\"\/><\/div><div class=\"g-breadcrumbs-separator\"><i class=\"far fa-angle-right\"><\/i><\/div><div class=\"g-breadcrumbs-item\">Pages<\/div><\/nav><\/div><\/div><\/div><\/div><\/section><section class=\"l-section wpb_row height_small\"><div class=\"l-section-h i-cf\"><div class=\"g-cols vc_row via_grid cols_2 laptops-cols_inherit tablets-cols_inherit mobiles-cols_1 valign_top type_default stacking_default\"><div class=\"wpb_column vc_column_container\"><div class=\"vc_column-inner\"><div class=\"wpb_text_column\"><div class=\"wpb_wrapper\"><h2><span style=\"font-family: 'Eurostile'; color: #488590; font-size: 30px;\">A tasty break<\/span><br \/>\nOUR BRASSERIES<\/h2>\n<\/div><\/div><div class=\"w-separator size_small\"><\/div><div class=\"wpb_text_column\"><div class=\"wpb_wrapper\"><p>Designed as friendly spaces for a quick and enjoyable break, our <strong>four brasseries<\/strong> offer accessible, fast cuisine within our <strong>shopping centres<\/strong>. Whether it\u2019s a family lunch, a business meeting, or just a coffee to unwind, our teams strive to create a <strong>warm and welcoming experience<\/strong>.<\/p>\n<p>These dining spaces reflect our core values: proximity, friendliness, and a commitment to quality.<br \/>\nBy integrating them into our shopping centres, we promote social connection and offer visitors a complete experience, combining pleasure, practicality, and indulgence.<\/p>\n<\/div><\/div><\/div><\/div><div class=\"wpb_column vc_column_container\"><div class=\"vc_column-inner\"><div class=\"w-image us_custom_2b16c4d8 has_ratio align_left\"><div class=\"w-image-h\"><div style=\"padding-bottom:56.25%\"><\/div><img decoding=\"async\" width=\"792\" height=\"452\" src=\"https:\/\/www.schiever.com\/wp-content\/uploads\/2025\/03\/brasserie-joe-bar-avallon.jpg\" class=\"attachment-large size-large\" alt=\"Brasserie Joe Bar Avallon\" loading=\"lazy\" \/><\/div><\/div><\/div><\/div><\/div><\/div><\/section><section class=\"l-section wpb_row height_small\"><div class=\"l-section-h i-cf\"><div class=\"g-cols vc_row via_grid cols_2 laptops-cols_inherit tablets-cols_inherit mobiles-cols_1 valign_top type_default reversed stacking_default\"><div class=\"wpb_column vc_column_container\"><div class=\"vc_column-inner\"><div class=\"w-image us_custom_2b16c4d8 has_ratio align_left\"><div class=\"w-image-h\"><div style=\"padding-bottom:56.25%\"><\/div><img decoding=\"async\" width=\"792\" height=\"452\" src=\"https:\/\/www.schiever.com\/wp-content\/uploads\/2025\/03\/food-truck-bi1-camion-des-gourmands.jpg\" class=\"attachment-large size-large\" alt=\"food truck bi1 camion des gourmands\" loading=\"lazy\" \/><\/div><\/div><\/div><\/div><div class=\"wpb_column vc_column_container\"><div class=\"vc_column-inner\"><div class=\"wpb_text_column\"><div class=\"wpb_wrapper\"><h2><span style=\"font-family: 'Eurostile'; color: #488590; font-size: 30px;\">Our food truck<\/span><br \/>\nLE CAMION DES GOURMANDS<\/h2>\n<\/div><\/div><div class=\"w-separator size_small\"><\/div><div class=\"wpb_text_column\"><div class=\"wpb_wrapper\"><p>To <strong>diversify the local dining offer<\/strong> in Avallon <em>(89)<\/em>, we launched &#8220;<strong>Le Camion des Gourmands&#8221;<\/strong>, a <strong>travelling food truck<\/strong> serving simple, generous, and affordable cuisine.<br \/>\nAs a complement to our brasserie, Joe Bar, Le Camion des Gourmands is also available to cater events on request throughout the Avallon area.<\/p>\n<\/div><\/div><div class=\"w-btn-wrapper align_none\"><a class=\"w-btn us-btn-style_1 underlined-button icon_atleft\" target=\"_blank\" rel=\"nofollow\" href=\"https:\/\/sites.google.com\/schiever.fr\/lecamiondesgourmands\/accueil\"><i class=\"fas fa-external-link-alt\"><\/i><span class=\"w-btn-label\">Visit the Camion des Gourmands website &gt;<\/span><\/a><\/div><\/div><\/div><\/div><\/div><\/section><section class=\"l-section wpb_row us_custom_714a253b has_text_color height_small with_img\"><div class=\"l-section-img\" role=\"img\" aria-label=\"background\" data-img-width=\"1924\" data-img-height=\"630\" style=\"background-image: url(https:\/\/www.schiever.com\/wp-content\/uploads\/2025\/01\/Rectangle-2251.png);\"><\/div><div class=\"l-section-h i-cf\"><div class=\"g-cols vc_row via_grid cols_1-3 laptops-cols_inherit tablets-cols_inherit mobiles-cols_1 valign_middle type_default stacking_default\"><div class=\"wpb_column vc_column_container\"><div class=\"vc_column-inner\"><div class=\"wpb_text_column\"><div class=\"wpb_wrapper\"><h2><span style=\"font-family: 'Eurostile'; color: #fff; font-size: 30px;\">We are<\/span><br \/>\nFOOD DISTRIBUTION SPECIALISTS<\/h2>\n<\/div><\/div><div class=\"w-separator size_small\"><\/div><div class=\"wpb_text_column\"><div class=\"wpb_wrapper\"><p>Discover the latest news from our food brands.<\/p>\n<\/div><\/div><div class=\"w-btn-wrapper default_align_none laptops_align_none tablets_align_center mobiles_align_center\"><a class=\"w-btn us-btn-style_1 underlined-button us_custom_e7f5d98a\" href=\"https:\/\/www.schiever.com\/en\/our-news\/?_category=food-retail\"><span class=\"w-btn-label\">Learn more &gt;<\/span><\/a><\/div><\/div><\/div><div class=\"wpb_column vc_column_container us_custom_38ec8cf5\"><div class=\"vc_column-inner\"><div class=\"w-grid us_carousel type_carousel layout_171 custom-sch-article preload_style_spinner items_4 ratio_custom\" id=\"us_grid_1\" style=\"--items:4;--gap:0.6rem;--item-ratio:1.48148;\"><style>.layout_171 .w-grid-item-h{background:var(--color-content-bg);color:var(--color-content-heading);border-radius:0.9rem;box-shadow:0 0.05rem 0.1rem rgba(0,0,0,0.1),0 0.17rem 0.5rem rgba(0,0,0,0.1);transition-duration:0.3s}.no-touch .layout_171 .w-grid-item-h:hover{box-shadow:0 0.12rem 0.24rem rgba(0,0,0,0.1),0 0.4rem 1.2rem rgba(0,0,0,0.15);z-index:4}.layout_171 .usg_post_image_1{background:rgba(0,0,0,0.75)!important}.layout_171 .usg_vwrapper_1{padding:10px!important}.layout_171 .usg_hwrapper_1{margin-bottom:0.2rem!important}.layout_171 .usg_post_taxonomy_1{font-size:14px!important;font-weight:500!important;margin-right:0.6rem!important}.layout_171 .usg_post_date_1{color:#969696!important;text-align:right!important;font-size:15px!important;font-weight:500!important;margin-bottom:0.3rem!important}.layout_171 .usg_post_title_1{color:inherit!important;font-size:16px!important;font-weight:700!important}@media (min-width:1201px) and (max-width:1380px){.layout_171 .usg_post_taxonomy_1{font-size:14px!important;font-weight:500!important}.layout_171 .usg_post_date_1{color:#969696!important;text-align:right!important;font-size:15px!important;font-weight:500!important}.layout_171 .usg_post_title_1{color:inherit!important;font-size:16px!important;font-weight:700!important}}@media (min-width:801px) and (max-width:1200px){.layout_171 .usg_post_taxonomy_1{font-size:12px!important;font-weight:500!important}.layout_171 .usg_post_date_1{color:#969696!important;text-align:right!important;font-size:7px!important;font-weight:500!important}.layout_171 .usg_post_title_1{color:inherit!important;font-size:14px!important;font-weight:600!important}}@media (max-width:800px){.layout_171 .usg_post_taxonomy_1{font-size:8px!important;font-weight:500!important}.layout_171 .usg_post_date_1{color:#969696!important;text-align:right!important;font-size:7px!important;font-weight:500!important}.layout_171 .usg_post_title_1{color:inherit!important;font-size:12px!important;font-weight:600!important}}<\/style><div class=\"w-grid-list owl-carousel valign_stretch dotstyle_circle navstyle_circle arrows-ver-pos_middle arrows-hor-pos_on_sides_outside arrows-disabled_hide owl-responsive-2000 with_dots with_arrows\" style=\"--transition-duration:350ms;--arrows-size:1.3rem;--arrows-hor-offset:calc(-10px + 0.6rem);--arrows-gap:10px;\">\t<article class=\"w-grid-item post-5655 post type-post status-publish format-standard has-post-thumbnail hentry category-food-retail\" data-id=\"5655\">\r\n\t\t<div class=\"w-grid-item-h\">\r\n\t\t\t\t\t\t<div class=\"w-post-elm post_image usg_post_image_1 has_ratio\"><a href=\"https:\/\/www.schiever.com\/en\/nos-actualites\/13-new-stores-under-the-u-banner\/\" aria-label=\"13 new stores under the U banner\"><img loading=\"lazy\" decoding=\"async\" width=\"1024\" height=\"400\" src=\"https:\/\/www.schiever.com\/wp-content\/uploads\/2025\/07\/inauguration-magasins-u-schiever-1024x400.jpg\" class=\"attachment-large size-large wp-post-image\" alt=\"inauguration-stores-u-schiever\" \/><\/a><div style=\"padding-bottom:140.7407%\"><\/div><\/div><div class=\"w-vwrapper usg_vwrapper_1 align_none valign_bottom\"><div class=\"w-hwrapper usg_hwrapper_1 align_none valign_top wrap\"><div class=\"w-post-elm post_taxonomy usg_post_taxonomy_1 style_simple\"><span class=\"term-18 term-food-retail\">Food retail<\/span><\/div><\/div><h3 class=\"w-post-elm post_title usg_post_title_1 has_text_color entry-title color_link_inherit\"><a href=\"https:\/\/www.schiever.com\/en\/nos-actualites\/13-new-stores-under-the-u-banner\/\">13 new stores under the U banner<\/a><\/h3><time class=\"w-post-elm post_date usg_post_date_1 has_text_color entry-date published\" datetime=\"2025-07-11T08:37:41+01:00\">11\/07\/2025<\/time><\/div>\t\t<\/div>\r\n\t\t\t<\/article>\r\n\t<article class=\"w-grid-item post-5715 post type-post status-publish format-standard has-post-thumbnail hentry category-food-retail category-press-release\" data-id=\"5715\">\r\n\t\t<div class=\"w-grid-item-h\">\r\n\t\t\t\t\t\t<div class=\"w-post-elm post_image usg_post_image_1 has_ratio\"><a href=\"https:\/\/www.schiever.com\/en\/nos-actualites\/opening-of-our-first-15-stores-under-the-u-banner\/\" aria-label=\"Opening of our first 15 stores under the U banner\"><img loading=\"lazy\" decoding=\"async\" width=\"1024\" height=\"400\" src=\"https:\/\/www.schiever.com\/wp-content\/uploads\/2025\/03\/banniere-magasins-u-1024x400.jpg\" class=\"attachment-large size-large wp-post-image\" alt=\"Banni\u00e8re magasins U\" \/><\/a><div style=\"padding-bottom:140.7407%\"><\/div><\/div><div class=\"w-vwrapper usg_vwrapper_1 align_none valign_bottom\"><div class=\"w-hwrapper usg_hwrapper_1 align_none valign_top wrap\"><div class=\"w-post-elm post_taxonomy usg_post_taxonomy_1 style_simple\"><span class=\"term-18 term-food-retail\">Food retail<\/span><b>, <\/b><span class=\"term-20 term-press-release\">Press release<\/span><\/div><\/div><h3 class=\"w-post-elm post_title usg_post_title_1 has_text_color entry-title color_link_inherit\"><a href=\"https:\/\/www.schiever.com\/en\/nos-actualites\/opening-of-our-first-15-stores-under-the-u-banner\/\">Opening of our first 15 stores under the U banner<\/a><\/h3><time class=\"w-post-elm post_date usg_post_date_1 has_text_color entry-date published\" datetime=\"2025-03-01T00:00:26+01:00\">01\/03\/2025<\/time><\/div>\t\t<\/div>\r\n\t\t\t<\/article>\r\n\t<article class=\"w-grid-item post-5730 post type-post status-publish format-standard has-post-thumbnail hentry category-food-retail category-group category-press-release\" data-id=\"5730\">\r\n\t\t<div class=\"w-grid-item-h\">\r\n\t\t\t\t\t\t<div class=\"w-post-elm post_image usg_post_image_1 has_ratio\"><a href=\"https:\/\/www.schiever.com\/en\/nos-actualites\/schiever-joins-the-systeme-u-cooperative\/\" aria-label=\"Schiever joins the Syst\u00e8me U cooperative\"><img loading=\"lazy\" decoding=\"async\" width=\"1024\" height=\"400\" src=\"https:\/\/www.schiever.com\/wp-content\/uploads\/2025\/05\/Schiever-adhere-a-la-Cooperative-Systeme-U-1024x400.jpg\" class=\"attachment-large size-large wp-post-image\" alt=\"\" \/><\/a><div style=\"padding-bottom:140.7407%\"><\/div><\/div><div class=\"w-vwrapper usg_vwrapper_1 align_none valign_bottom\"><div class=\"w-hwrapper usg_hwrapper_1 align_none valign_top wrap\"><div class=\"w-post-elm post_taxonomy usg_post_taxonomy_1 style_simple\"><span class=\"term-18 term-food-retail\">Food retail<\/span><b>, <\/b><span class=\"term-21 term-group\">Group<\/span><b>, <\/b><span class=\"term-20 term-press-release\">Press release<\/span><\/div><\/div><h3 class=\"w-post-elm post_title usg_post_title_1 has_text_color entry-title color_link_inherit\"><a href=\"https:\/\/www.schiever.com\/en\/nos-actualites\/schiever-joins-the-systeme-u-cooperative\/\">Schiever joins the Syst\u00e8me U cooperative<\/a><\/h3><time class=\"w-post-elm post_date usg_post_date_1 has_text_color entry-date published\" datetime=\"2024-03-08T10:19:38+01:00\">08\/03\/2024<\/time><\/div>\t\t<\/div>\r\n\t\t\t<\/article>\r\n<\/div><div class=\"w-grid-carousel-json hidden\" onclick='return {&quot;carousel_settings&quot;:{&quot;aria_labels&quot;:{&quot;prev&quot;:&quot;Previous&quot;,&quot;next&quot;:&quot;Next&quot;},&quot;autoplayContinual&quot;:false,&quot;autoplayHoverPause&quot;:false,&quot;autoplayTimeout&quot;:3000,&quot;autoWidth&quot;:false,&quot;smartSpeed&quot;:350,&quot;margin&quot;:0,&quot;mouseDrag&quot;:true,&quot;rtl&quot;:false,&quot;slideBy&quot;:&quot;1&quot;,&quot;touchDrag&quot;:true,&quot;slideTransition&quot;:&quot;&quot;,&quot;responsive&quot;:{&quot;0&quot;:{&quot;autoHeight&quot;:false,&quot;autoplay&quot;:false,&quot;autoWidth&quot;:false,&quot;center&quot;:false,&quot;dots&quot;:true,&quot;items&quot;:2,&quot;loop&quot;:false,&quot;nav&quot;:true,&quot;stagePadding&quot;:0,&quot;slideBy&quot;:&quot;1&quot;},&quot;1201&quot;:{&quot;items&quot;:4,&quot;autoplay&quot;:false,&quot;center&quot;:false,&quot;dots&quot;:true,&quot;nav&quot;:true,&quot;autoHeight&quot;:false,&quot;autoWidth&quot;:false,&quot;loop&quot;:false,&quot;stagePadding&quot;:0}}}}'><\/div><\/div><\/div><\/div><\/div><\/div><\/section>\n","protected":false},"excerpt":{"rendered":"HomePagesGroupFOOD RETAILPress releaseSchiever joins the Syst\u00e8me U cooperative8 March 2024The Schiever Group becomes a partner in the Syst\u00e8me U cooperative The Schiever family group and the Syst\u00e8me U cooperative of independent retailers have announced the signing of an agreement under which Schiever will join the cooperative from 2025. Sector and regional development The Schiever Group,...","protected":false},"author":2,"featured_media":5330,"parent":5255,"menu_order":0,"comment_status":"closed","ping_status":"closed","template":"","meta":{"footnotes":""},"class_list":["post-5331","page","type-page","status-publish","has-post-thumbnail","hentry"],"yoast_head":"<!-- This site is optimized with the Yoast SEO plugin v27.3 - https:\/\/yoast.com\/product\/yoast-seo-wordpress\/ -->\n<title>Catering - Schiever<\/title>\n<meta name=\"description\" content=\"Breweries, food trucks, or fast food: Schiever offers quick and friendly catering solutions within its shopping centres.\" \/>\n<meta name=\"robots\" content=\"index, follow, max-snippet:-1, max-image-preview:large, max-video-preview:-1\" \/>\n<link rel=\"canonical\" href=\"https:\/\/www.schiever.com\/en\/our-activities\/food-retail\/catering\/\" \/>\n<meta property=\"og:locale\" content=\"en_US\" \/>\n<meta property=\"og:type\" content=\"article\" \/>\n<meta property=\"og:title\" content=\"Catering - Schiever\" \/>\n<meta property=\"og:description\" content=\"Breweries, food trucks, or fast food: Schiever offers quick and friendly catering solutions within its shopping centres.\" \/>\n<meta property=\"og:url\" content=\"https:\/\/www.schiever.com\/en\/our-activities\/food-retail\/catering\/\" \/>\n<meta property=\"og:site_name\" content=\"Schiever\" \/>\n<meta property=\"article:modified_time\" content=\"2025-10-10T08:57:43+00:00\" \/>\n<meta property=\"og:image\" content=\"https:\/\/www.schiever.com\/wp-content\/uploads\/2025\/03\/restauration-brasserie.jpg\" \/>\n\t<meta property=\"og:image:width\" content=\"1905\" \/>\n\t<meta property=\"og:image:height\" content=\"745\" \/>\n\t<meta property=\"og:image:type\" content=\"image\/jpeg\" \/>\n<meta name=\"twitter:card\" content=\"summary_large_image\" \/>\n<meta name=\"twitter:label1\" content=\"Est. reading time\" \/>\n\t<meta name=\"twitter:data1\" content=\"2 minutes\" \/>\n<script type=\"application\/ld+json\" class=\"yoast-schema-graph\">{\"@context\":\"https:\\\/\\\/schema.org\",\"@graph\":[{\"@type\":\"WebPage\",\"@id\":\"https:\\\/\\\/www.schiever.com\\\/en\\\/our-activities\\\/food-retail\\\/catering\\\/\",\"url\":\"https:\\\/\\\/www.schiever.com\\\/en\\\/our-activities\\\/food-retail\\\/catering\\\/\",\"name\":\"Catering - Schiever\",\"isPartOf\":{\"@id\":\"https:\\\/\\\/www.schiever.com\\\/en\\\/#website\"},\"primaryImageOfPage\":{\"@id\":\"https:\\\/\\\/www.schiever.com\\\/en\\\/our-activities\\\/food-retail\\\/catering\\\/#primaryimage\"},\"image\":{\"@id\":\"https:\\\/\\\/www.schiever.com\\\/en\\\/our-activities\\\/food-retail\\\/catering\\\/#primaryimage\"},\"thumbnailUrl\":\"https:\\\/\\\/www.schiever.com\\\/wp-content\\\/uploads\\\/2025\\\/03\\\/restauration-brasserie.jpg\",\"datePublished\":\"2025-01-17T13:48:40+00:00\",\"dateModified\":\"2025-10-10T08:57:43+00:00\",\"description\":\"Breweries, food trucks, or fast food: Schiever offers quick and friendly catering solutions within its shopping centres.\",\"breadcrumb\":{\"@id\":\"https:\\\/\\\/www.schiever.com\\\/en\\\/our-activities\\\/food-retail\\\/catering\\\/#breadcrumb\"},\"inLanguage\":\"en-US\",\"potentialAction\":[{\"@type\":\"ReadAction\",\"target\":[\"https:\\\/\\\/www.schiever.com\\\/en\\\/our-activities\\\/food-retail\\\/catering\\\/\"]}]},{\"@type\":\"ImageObject\",\"inLanguage\":\"en-US\",\"@id\":\"https:\\\/\\\/www.schiever.com\\\/en\\\/our-activities\\\/food-retail\\\/catering\\\/#primaryimage\",\"url\":\"https:\\\/\\\/www.schiever.com\\\/wp-content\\\/uploads\\\/2025\\\/03\\\/restauration-brasserie.jpg\",\"contentUrl\":\"https:\\\/\\\/www.schiever.com\\\/wp-content\\\/uploads\\\/2025\\\/03\\\/restauration-brasserie.jpg\",\"width\":1905,\"height\":745,\"caption\":\"Catering\"},{\"@type\":\"BreadcrumbList\",\"@id\":\"https:\\\/\\\/www.schiever.com\\\/en\\\/our-activities\\\/food-retail\\\/catering\\\/#breadcrumb\",\"itemListElement\":[{\"@type\":\"ListItem\",\"position\":1,\"name\":\"Accueil\",\"item\":\"https:\\\/\\\/www.schiever.com\\\/en\\\/\"},{\"@type\":\"ListItem\",\"position\":2,\"name\":\"Activities\",\"item\":\"https:\\\/\\\/www.schiever.com\\\/en\\\/our-activities\\\/\"},{\"@type\":\"ListItem\",\"position\":3,\"name\":\"Food retail\",\"item\":\"https:\\\/\\\/www.schiever.com\\\/en\\\/our-activities\\\/food-retail\\\/\"},{\"@type\":\"ListItem\",\"position\":4,\"name\":\"Catering\"}]},{\"@type\":\"WebSite\",\"@id\":\"https:\\\/\\\/www.schiever.com\\\/en\\\/#website\",\"url\":\"https:\\\/\\\/www.schiever.com\\\/en\\\/\",\"name\":\"Schiever\",\"description\":\"Schiever - Une autre id\u00e9e de la grande distribution\",\"potentialAction\":[{\"@type\":\"SearchAction\",\"target\":{\"@type\":\"EntryPoint\",\"urlTemplate\":\"https:\\\/\\\/www.schiever.com\\\/en\\\/?s={search_term_string}\"},\"query-input\":{\"@type\":\"PropertyValueSpecification\",\"valueRequired\":true,\"valueName\":\"search_term_string\"}}],\"inLanguage\":\"en-US\"}]}<\/script>\n<!-- \/ Yoast SEO plugin. -->","yoast_head_json":{"title":"Catering - Schiever","description":"Breweries, food trucks, or fast food: Schiever offers quick and friendly catering solutions within its shopping centres.","robots":{"index":"index","follow":"follow","max-snippet":"max-snippet:-1","max-image-preview":"max-image-preview:large","max-video-preview":"max-video-preview:-1"},"canonical":"https:\/\/www.schiever.com\/en\/our-activities\/food-retail\/catering\/","og_locale":"en_US","og_type":"article","og_title":"Catering - Schiever","og_description":"Breweries, food trucks, or fast food: Schiever offers quick and friendly catering solutions within its shopping centres.","og_url":"https:\/\/www.schiever.com\/en\/our-activities\/food-retail\/catering\/","og_site_name":"Schiever","article_modified_time":"2025-10-10T08:57:43+00:00","og_image":[{"width":1905,"height":745,"url":"https:\/\/www.schiever.com\/wp-content\/uploads\/2025\/03\/restauration-brasserie.jpg","type":"image\/jpeg"}],"twitter_card":"summary_large_image","twitter_misc":{"Est. reading time":"2 minutes"},"schema":{"@context":"https:\/\/schema.org","@graph":[{"@type":"WebPage","@id":"https:\/\/www.schiever.com\/en\/our-activities\/food-retail\/catering\/","url":"https:\/\/www.schiever.com\/en\/our-activities\/food-retail\/catering\/","name":"Catering - Schiever","isPartOf":{"@id":"https:\/\/www.schiever.com\/en\/#website"},"primaryImageOfPage":{"@id":"https:\/\/www.schiever.com\/en\/our-activities\/food-retail\/catering\/#primaryimage"},"image":{"@id":"https:\/\/www.schiever.com\/en\/our-activities\/food-retail\/catering\/#primaryimage"},"thumbnailUrl":"https:\/\/www.schiever.com\/wp-content\/uploads\/2025\/03\/restauration-brasserie.jpg","datePublished":"2025-01-17T13:48:40+00:00","dateModified":"2025-10-10T08:57:43+00:00","description":"Breweries, food trucks, or fast food: Schiever offers quick and friendly catering solutions within its shopping centres.","breadcrumb":{"@id":"https:\/\/www.schiever.com\/en\/our-activities\/food-retail\/catering\/#breadcrumb"},"inLanguage":"en-US","potentialAction":[{"@type":"ReadAction","target":["https:\/\/www.schiever.com\/en\/our-activities\/food-retail\/catering\/"]}]},{"@type":"ImageObject","inLanguage":"en-US","@id":"https:\/\/www.schiever.com\/en\/our-activities\/food-retail\/catering\/#primaryimage","url":"https:\/\/www.schiever.com\/wp-content\/uploads\/2025\/03\/restauration-brasserie.jpg","contentUrl":"https:\/\/www.schiever.com\/wp-content\/uploads\/2025\/03\/restauration-brasserie.jpg","width":1905,"height":745,"caption":"Catering"},{"@type":"BreadcrumbList","@id":"https:\/\/www.schiever.com\/en\/our-activities\/food-retail\/catering\/#breadcrumb","itemListElement":[{"@type":"ListItem","position":1,"name":"Accueil","item":"https:\/\/www.schiever.com\/en\/"},{"@type":"ListItem","position":2,"name":"Activities","item":"https:\/\/www.schiever.com\/en\/our-activities\/"},{"@type":"ListItem","position":3,"name":"Food retail","item":"https:\/\/www.schiever.com\/en\/our-activities\/food-retail\/"},{"@type":"ListItem","position":4,"name":"Catering"}]},{"@type":"WebSite","@id":"https:\/\/www.schiever.com\/en\/#website","url":"https:\/\/www.schiever.com\/en\/","name":"Schiever","description":"Schiever - Une autre id\u00e9e de la grande distribution","potentialAction":[{"@type":"SearchAction","target":{"@type":"EntryPoint","urlTemplate":"https:\/\/www.schiever.com\/en\/?s={search_term_string}"},"query-input":{"@type":"PropertyValueSpecification","valueRequired":true,"valueName":"search_term_string"}}],"inLanguage":"en-US"}]}},"_links":{"self":[{"href":"https:\/\/www.schiever.com\/en\/wp-json\/wp\/v2\/pages\/5331","targetHints":{"allow":["GET"]}}],"collection":[{"href":"https:\/\/www.schiever.com\/en\/wp-json\/wp\/v2\/pages"}],"about":[{"href":"https:\/\/www.schiever.com\/en\/wp-json\/wp\/v2\/types\/page"}],"author":[{"embeddable":true,"href":"https:\/\/www.schiever.com\/en\/wp-json\/wp\/v2\/users\/2"}],"replies":[{"embeddable":true,"href":"https:\/\/www.schiever.com\/en\/wp-json\/wp\/v2\/comments?post=5331"}],"version-history":[{"count":5,"href":"https:\/\/www.schiever.com\/en\/wp-json\/wp\/v2\/pages\/5331\/revisions"}],"predecessor-version":[{"id":5802,"href":"https:\/\/www.schiever.com\/en\/wp-json\/wp\/v2\/pages\/5331\/revisions\/5802"}],"up":[{"embeddable":true,"href":"https:\/\/www.schiever.com\/en\/wp-json\/wp\/v2\/pages\/5255"}],"wp:featuredmedia":[{"embeddable":true,"href":"https:\/\/www.schiever.com\/en\/wp-json\/wp\/v2\/media\/5330"}],"wp:attachment":[{"href":"https:\/\/www.schiever.com\/en\/wp-json\/wp\/v2\/media?parent=5331"}],"curies":[{"name":"wp","href":"https:\/\/api.w.org\/{rel}","templated":true}]}}